{"id":10,"date":"2026-02-12T18:15:46","date_gmt":"2026-02-12T18:15:46","guid":{"rendered":"http:\/\/silentstudiosparis.com\/?page_id=10"},"modified":"2026-02-12T19:21:27","modified_gmt":"2026-02-12T19:21:27","slug":"10-2","status":"publish","type":"page","link":"https:\/\/silentstudiosparis.com\/","title":{"rendered":"ACCUEIL"},"content":{"rendered":"\n<figure class=\"wp-block-image aligncenter size-large is-resized\"><img loading=\"lazy\" decoding=\"async\" width=\"1024\" height=\"1024\" src=\"http:\/\/silentstudiosparis.com\/wp-content\/uploads\/2026\/02\/Silent_Studios_Logo-Black-1-1024x1024.png\" alt=\"\" class=\"wp-image-11\" style=\"width:203px;height:auto\" srcset=\"https:\/\/silentstudiosparis.com\/wp-content\/uploads\/2026\/02\/Silent_Studios_Logo-Black-1-1024x1024.png 1024w, https:\/\/silentstudiosparis.com\/wp-content\/uploads\/2026\/02\/Silent_Studios_Logo-Black-1-300x300.png 300w, https:\/\/silentstudiosparis.com\/wp-content\/uploads\/2026\/02\/Silent_Studios_Logo-Black-1-150x150.png 150w, https:\/\/silentstudiosparis.com\/wp-content\/uploads\/2026\/02\/Silent_Studios_Logo-Black-1-768x768.png 768w, https:\/\/silentstudiosparis.com\/wp-content\/uploads\/2026\/02\/Silent_Studios_Logo-Black-1-1536x1536.png 1536w, https:\/\/silentstudiosparis.com\/wp-content\/uploads\/2026\/02\/Silent_Studios_Logo-Black-1-2048x2048.png 2048w\" sizes=\"auto, (max-width: 1024px) 100vw, 1024px\" \/><\/figure>\n\n\n\n<p class=\"has-text-align-center\">Nouveaux studios \u00e0 Paris. Un lieu \u00e9l\u00e9gant pour les professionnels exigeants. Un espace d\u00e9di\u00e9 \u00e0 la photographie et un espace d\u00e9di\u00e9 \u00e0 la cr\u00e9ation musicale. Ouverture avant l&rsquo;\u00e9t\u00e9 2026.<\/p>\n\n\n\n<p class=\"has-text-align-center\">Site web en construction.<\/p>\n\n\n\n<p><\/p>\n","protected":false},"excerpt":{"rendered":"<p>Nouveaux studios \u00e0 Paris. Un lieu \u00e9l\u00e9gant pour les professionnels exigeants. Un espace d\u00e9di\u00e9 \u00e0 la photographie et un espace d\u00e9di\u00e9 \u00e0 la cr\u00e9ation musicale. Ouverture avant l&rsquo;\u00e9t\u00e9 2026. Site web en construction.<\/p>\n","protected":false},"author":1,"featured_media":0,"parent":0,"menu_order":0,"comment_status":"closed","ping_status":"closed","template":"","meta":{"_inspiro_hide_title":false,"footnotes":""},"class_list":["post-10","page","type-page","status-publish","hentry"],"_links":{"self":[{"href":"https:\/\/silentstudiosparis.com\/index.php\/wp-json\/wp\/v2\/pages\/10","targetHints":{"allow":["GET"]}}],"collection":[{"href":"https:\/\/silentstudiosparis.com\/index.php\/wp-json\/wp\/v2\/pages"}],"about":[{"href":"https:\/\/silentstudiosparis.com\/index.php\/wp-json\/wp\/v2\/types\/page"}],"author":[{"embeddable":true,"href":"https:\/\/silentstudiosparis.com\/index.php\/wp-json\/wp\/v2\/users\/1"}],"replies":[{"embeddable":true,"href":"https:\/\/silentstudiosparis.com\/index.php\/wp-json\/wp\/v2\/comments?post=10"}],"version-history":[{"count":5,"href":"https:\/\/silentstudiosparis.com\/index.php\/wp-json\/wp\/v2\/pages\/10\/revisions"}],"predecessor-version":[{"id":34,"href":"https:\/\/silentstudiosparis.com\/index.php\/wp-json\/wp\/v2\/pages\/10\/revisions\/34"}],"wp:attachment":[{"href":"https:\/\/silentstudiosparis.com\/index.php\/wp-json\/wp\/v2\/media?parent=10"}],"curies":[{"name":"wp","href":"https:\/\/api.w.org\/{rel}","templated":true}]}}